{"id":558,"date":"2020-06-23T12:05:23","date_gmt":"2020-06-23T12:05:23","guid":{"rendered":"https:\/\/haitises.com\/?post_type=product&#038;p=558"},"modified":"2024-04-17T18:50:43","modified_gmt":"2024-04-17T18:50:43","slug":"excursion-a-los-haitises-con-senderismo-en-el-bosque-humedo","status":"publish","type":"product","link":"https:\/\/27waterfalls.com.do\/tt\/tours\/excursion-a-los-haitises-con-senderismo-en-el-bosque-humedo\/","title":{"rendered":"Excursi\u00f3n a Los Haitises con Senderismo en el Bosque H\u00famedo"},"content":{"rendered":"<div class=\"vc_row wpb_row vc_row-fluid\" ><div class=\"wpb_column vc_column_container vc_col-sm-12\"><div class=\"vc_column-inner\"><div class=\"wpb_wrapper\">[mkdf_section_title title_tag=&#8221;&#8221; disable_break_words=&#8221;no&#8221; subtitle_tag=&#8221;&#8221; title=&#8221;Los Haitises National Park- From Sabana de la Mar + Hiking 2 Hours&#8221; subtitle=&#8221;Humid Forest + Normal Trip to Caves&#8221;]<\/div><\/div><\/div><\/div><div class=\"vc_row wpb_row vc_row-fluid\" ><div class=\"wpb_column vc_column_container vc_col-sm-12\"><div class=\"vc_column-inner\"><div class=\"wpb_wrapper\">\n\t<div class=\"wpb_text_column wpb_content_element\" >\n\t\t<div class=\"wpb_wrapper\">\n\t\t\t<h5>Bosque H\u00famedo + Viaje Normal a Cuevas<\/h5>\n<h2>Parque Nacional Los Haitises- Desde Sabana de la Mar + Senderismo 2 horas<\/h2>\n<h3><em>Descripci\u00f3n<\/em><\/h3>\n<p>Disfrute de una caminata durante dos horas por el bosque del parque nacional Los Haitises. Aprenda sobre plantas medicinales y visite lugares locales. Despu\u00e9s de visitar el Parque Nacional Los Haitises desde Sabana de la Mar o los hoteles de Ca\u00f1o Hondo\u00a0 con gu\u00edas Locales.<\/p>\n<p>Haremos la caminata despu\u00e9s del viaje en bote. Un viaje privado normal al Parque Nacional Los Haitises. Ven con nosotros y visita el parque nacional m\u00e1s hermoso de Rep\u00fablica Dominicana, visitando manglares, 3 cuevas y la bah\u00eda de San Lorenzo. Esta experiencia puede comenzar desde la comunidad de Sabana de la Mar aprendiendo sobre esta historia de Sabana de la Mar.<\/p>\n<ul>\n<li>Senderismo 2 horas en el bosque<\/li>\n<li>Historia de Sabana de la Mar<\/li>\n<li>Tasas incluidas<\/li>\n<li>El gu\u00eda proporciona instrucci\u00f3n y supervisi\u00f3n.<\/li>\n<li>El almuerzo no est\u00e1 incluido para el almuerzo en Cano Hondo Elija este tour: Los Haitises Plus Ca\u00f1o Hondo.<\/li>\n<\/ul>\n<h3>Inclusiones y exclusiones<\/h3>\n<h4>Inclusiones<\/h4>\n<ol>\n<li>Los Haitises Tour + Cuevas y Pictograf\u00edas<\/li>\n<li>Todos los impuestos, tasas y gastos de manipulaci\u00f3n.<\/li>\n<li>Impuestos locales<\/li>\n<li>Todas las actividades<\/li>\n<li>Gu\u00eda local<\/li>\n<\/ol>\n<h4>Exclusiones<\/h4>\n<ol>\n<li>Propinas<\/li>\n<li>El almuerzo no est\u00e1 incluido para el almuerzo en Cano Hondo Elija este tour: Los Haitises Plus Ca\u00f1o Hondo.<\/li>\n<li>Transporte<\/li>\n<li>Bebidas alcoh\u00f3licas<\/li>\n<\/ol>\n<h3><em>Salida y regreso<\/em><\/h3>\n<p>El viajero obtendr\u00e1 un punto de encuentro despu\u00e9s del proceso de reserva. Los tours comienzan y terminan en nuestros puntos de encuentro.<\/p>\n<h3><em>\u00bfQue esperar?<\/em><\/h3>\n<p>Obtenga sus boletos para visitar el Parque Nacional Los Haitises con Cuevas, Manglares y la Bah\u00eda de San Lorenzo despu\u00e9s de una caminata de dos horas por el bosque h\u00famedo del Parque Nacional Los Haitises.<\/p>\n<p>Parque Nacional Los Haitises desde Sabana de la Mar o los hoteles deCa\u00f1o Hondo con gu\u00edas Locales. El viaje comienza en el puerto principal del Parque Nacional Los Haitises. Este viaje comienza a las 10:00 a.m.con un gu\u00eda tur\u00edstico local que conoce la historia original sobre el magn\u00edfico Parque Nacional.<\/p>\n<p>Despu\u00e9s comenzamos desde el puerto principal del Parque Nacional Los Haitises, nombre Ca\u00f1o Hondo (Deep Creek) en un BARCO con chalecos salvavidas. Disfrutaremos del bosque de manglares rojos hasta llegar a la bah\u00eda de San Lorenzo. Peque\u00f1a bah\u00eda en la Bah\u00eda de Saman\u00e1. \u00a1Y aqu\u00ed vamos! Lo primero que puedes ver es la enorme colecci\u00f3n de isla caliza de monta\u00f1a llamada Mogotes. encima de ellos m\u00e1s de 700 especies de plantas y muchas aves de humedales volando alrededor. Luego visitando cuevas con pictograf\u00edas de nuestras comunidades ind\u00edgenas de hace 750 a\u00f1os.<\/p>\n<p>A trav\u00e9s de los manglares y la tierra en la bah\u00eda abierta de San Lorenzo, desde donde puedes fotografiar el agreste paisaje forestal. Mire el agua para ver manat\u00edes, crust\u00e1ceos y delfines.<\/p>\n<p>El nombre del parque nacional proviene de sus habitantes originales, los indios ta\u00ednos. En su idioma, &#8220;Haitises&#8221; se traduce en tierras altas o colinas, una referencia a las empinadas formaciones geol\u00f3gicas de la costa con calizas. Avent\u00farate en el parque para explorar cuevas como la Cueva de la Arena y la Cueva de la L\u00ednea. Las cuevas en la reserva fueron utilizadas como refugio por los indios ta\u00ednos y, m\u00e1s adelante, por los piratas escondidos. Busque dibujos de indios que decoran algunas de las paredes. Despu\u00e9s de visitar el Parque Nacional Los Haitises, iremos al bosque h\u00famedo para caminar 2 horas y regresar al lugar donde comenz\u00f3 nuestro viaje.<\/p>\n<h3><em>\u00bfQu\u00e9 deber\u00edas traer?<\/em><\/h3>\n<ul>\n<li>C\u00e1mara<\/li>\n<li>Repelentes<\/li>\n<li>crema solar<\/li>\n<li>Sombrero<\/li>\n<li>Pantalones c\u00f3modos<\/li>\n<li>Calzado de senderismo para bosque<\/li>\n<li>Sandalias a las zonas de primavera.<\/li>\n<li>Traje de ba\u00f1o<\/li>\n<\/ul>\n<h3><em>Recogida en el hotel<\/em><\/h3>\n<p>El servicio de recogida en el hotel se ofrece si se encuentra en Paraiso Ca\u00f1o Hondo o Altos Ca\u00f1o Hondo Hotel. Nuestro punto de encuentro est\u00e1 a 5 minutos caminando de esos hoteles.<\/p>\n<p><strong>Nota:<\/strong> si realiza la reserva dentro de las 24 horas de la hora de salida del tour \/ excursi\u00f3n, podemos organizar la recogida del hotel con cargos adicionales si no se encuentra en los hoteles de Ca\u00f1o Hondo. Una vez que se complete su compra, le enviaremos informaci\u00f3n de contacto completa (n\u00famero de tel\u00e9fono, direcci\u00f3n de correo electr\u00f3nico, etc.) para que nuestro gu\u00eda tur\u00edstico local organice los arreglos de recogida.<\/p>\n<h3><em>Confirmaci\u00f3n de informaci\u00f3n adicional<\/em><\/h3>\n<ul>\n<li>Los boletos son el Recibo despu\u00e9s de pagar este Tour. Puede mostrar el pago en su tel\u00e9fono.<\/li>\n<li>El punto de encuentro se recibir\u00e1 despu\u00e9s del proceso de reserva.<\/li>\n<li>Los ni\u00f1os deben estar acompa\u00f1ados por un adulto.<\/li>\n<li>No accesible para sillas de ruedas<\/li>\n<li>Los infantes deben sentarse en un asiento para beb\u00e9s o con un adulto<\/li>\n<li>No recomendado para viajeros con problemas de espalda.<\/li>\n<li>No recomendado para mujeres embarazadas.<\/li>\n<li>Sin problemas card\u00edacos u otras condiciones m\u00e9dicas graves.<\/li>\n<li>La mayor\u00eda de los viajeros pueden participar.<\/li>\n<\/ul>\n<h3><em>Pol\u00edtica de cancelaci\u00f3n<\/em><\/h3>\n<p>Para obtener un reembolso completo, cancele al menos 24 horas antes de la fecha de inicio de la experiencia.<\/p>\n\n\t\t<\/div>\n\t<\/div>\n<\/div><\/div><\/div><\/div><div class=\"vc_row wpb_row vc_row-fluid\" ><div class=\"wpb_column vc_column_container vc_col-sm-12\"><div class=\"vc_column-inner\"><div class=\"wpb_wrapper\"><div class=\"vc_empty_space\"   style=\"height: 32px\"><span class=\"vc_empty_space_inner\"><\/span><\/div>\n\t<div class=\"wpb_video_widget wpb_content_element vc_clearfix   vc_video-aspect-ratio-169 vc_video-el-width-100 vc_video-align-left\" >\n\t\t<div class=\"wpb_wrapper\">\n\t\t\t\n\t\t\t<div class=\"wpb_video_wrapper\"><iframe loading=\"lazy\" title=\"Los Haitises National Park, Tours &amp;amp; Excursion From Samana or Sabana de la Mar. Book Here:\" src=\"https:\/\/player.vimeo.com\/video\/346508015?dnt=1&amp;app_id=122963\" width=\"1100\" height=\"619\" frameborder=\"0\" allow=\"autoplay; fullscreen\" allowfullscreen><\/iframe><\/div>\n\t\t<\/div>\n\t<\/div>\n<\/div><\/div><\/div><\/div><div class=\"vc_row wpb_row vc_row-fluid\" ><div class=\"wpb_column vc_column_container vc_col-sm-12\"><div class=\"vc_column-inner\"><div class=\"wpb_wrapper\"><div class=\"vc_empty_space\"   style=\"height: 32px\"><span class=\"vc_empty_space_inner\"><\/span><\/div>\n\t<div class=\"wpb_text_column wpb_content_element\" >\n\t\t<div class=\"wpb_wrapper\">\n\t\t\t<h4>Contact us?<\/h4>\n<h5>Booking Adventures<\/h5>\n<p><em><strong>Locals<\/strong>\u00a0and\u00a0<strong>Nationals<\/strong>\u00a0Tour Guides &amp; Guest Services<\/em><\/p>\n<p><span class=\"text-turquoise\">Reservations:<\/span>\u00a0Tours &amp; Excursions in Dom. Rep.<\/p>\n<p><img decoding=\"async\" class=\"emoji\" draggable=\"false\" src=\"https:\/\/s.w.org\/images\/core\/emoji\/11.2.0\/svg\/1f4de.svg\" alt=\"\ud83d\udcde\" \/>\u00a0Tel \/ Whatsapp\u00a0\u00a0<a href=\"tel:+1-809-720-6035\">+1-809-720-6035<\/a>.<\/p>\n<p><img decoding=\"async\" class=\"emoji\" draggable=\"false\" src=\"https:\/\/s.w.org\/images\/core\/emoji\/11.2.0\/svg\/1f4e9.svg\" alt=\"\ud83d\udce9\" \/>\u00a0<a href=\"mailto:info@bookingadventures.com.do\">info@bookingadventures.com.do<\/a><\/p>\n<p><strong>We are Flexible Setting Private Tours by Whatsapp:\u00a0<a href=\"tel:+18097206035\">+18097206035.<\/a><\/strong><\/p>\n\n\t\t<\/div>\n\t<\/div>\n<div class=\"vc_empty_space\"   style=\"height: 32px\"><span class=\"vc_empty_space_inner\"><\/span><\/div><\/div><\/div><\/div><\/div>","protected":false},"excerpt":{"rendered":"<p>\u00a1Y aqu\u00ed vamos! Lo primero que puedes ver es la enorme colecci\u00f3n de isla de monta\u00f1a de piedra caliza llamada Mogotes encima de ellos m\u00e1s de 700 especies de plantas y muchas aves de humedales volando. Luego visitar cuevas con pictograf\u00edas de nuestras comunidades ind\u00edgenas hace 750 a\u00f1os.<\/p>\n<p>Adem\u00e1s, este viaje muestra que son los lugares m\u00e1s importantes para visitar en el Parque Nacional Haitises. Las dos cuevas m\u00e1s visitadas son la Cueva de la L\u00ednea y la Cueva de la Arena. Despu\u00e9s de unas horas visitando este hermoso Parque Nacional nos dirigimos hacia el bosque h\u00famedo del Parque Nacional Haitises, despu\u00e9s de 2 horas de caminata, regresamos al lugar desde donde comenzamos nuestra excursi\u00f3n. Obtenga sus boletos aqu\u00ed y pasee con los lugare\u00f1os que conocen la historia del Parque Nacional Haitises.<\/p>\n<p><strong>Por favor seleccione la fecha para el Tour:<\/strong><\/p>\n<p>&nbsp;<\/p>\n<p>&nbsp;<\/p>","protected":false},"featured_media":84,"template":"","meta":[],"product_brand":[],"product_cat":[443,123,124],"product_tag":[179,125,126,129,130,104,221,131,132,210,222,134,223,146,114,224],"class_list":{"0":"post-558","1":"product","2":"type-product","3":"status-publish","4":"has-post-thumbnail","6":"product_cat-tours-y-excursiones-es","7":"product_cat-tours-excursions-los-haitises-national-park","8":"product_cat-tours-excursions-samana-bay-dominican-republic","9":"product_tag-birding-in-los-haitises","10":"product_tag-boat-tour","11":"product_tag-cano-hondo","12":"product_tag-eco-tours","13":"product_tag-excursion","14":"product_tag-hiking","15":"product_tag-hiking-los-haitises","16":"product_tag-locals-guides","17":"product_tag-los-haitises","18":"product_tag-los-haitises-excursions","19":"product_tag-los-haitises-from-samana","20":"product_tag-los-haitises-national-park-tour","21":"product_tag-los-haitises-sabana-de-la-mar","22":"product_tag-mangroves-los-haitises","23":"product_tag-sabana-de-la-mar","24":"product_tag-trails","26":"first","27":"instock","28":"sale","29":"sold-individually","30":"shipping-taxable","31":"product-type-external"},"_links":{"self":[{"href":"https:\/\/27waterfalls.com.do\/tt\/wp-json\/wp\/v2\/product\/558","targetHints":{"allow":["GET"]}}],"collection":[{"href":"https:\/\/27waterfalls.com.do\/tt\/wp-json\/wp\/v2\/product"}],"about":[{"href":"https:\/\/27waterfalls.com.do\/tt\/wp-json\/wp\/v2\/types\/product"}],"wp:featuredmedia":[{"embeddable":true,"href":"https:\/\/27waterfalls.com.do\/tt\/wp-json\/wp\/v2\/media\/84"}],"wp:attachment":[{"href":"https:\/\/27waterfalls.com.do\/tt\/wp-json\/wp\/v2\/media?parent=558"}],"wp:term":[{"taxonomy":"product_brand","embeddable":true,"href":"https:\/\/27waterfalls.com.do\/tt\/wp-json\/wp\/v2\/product_brand?post=558"},{"taxonomy":"product_cat","embeddable":true,"href":"https:\/\/27waterfalls.com.do\/tt\/wp-json\/wp\/v2\/product_cat?post=558"},{"taxonomy":"product_tag","embeddable":true,"href":"https:\/\/27waterfalls.com.do\/tt\/wp-json\/wp\/v2\/product_tag?post=558"}],"curies":[{"name":"wp","href":"https:\/\/api.w.org\/{rel}","templated":true}]}}