{"id":548,"date":"2020-06-15T15:48:44","date_gmt":"2020-06-15T15:48:44","guid":{"rendered":"https:\/\/haitises.com\/?post_type=product&#038;p=548"},"modified":"2024-04-19T15:58:28","modified_gmt":"2024-04-19T15:58:28","slug":"parque-nacional-los-haitises-excursion-de-kayak-y-senderismo","status":"publish","type":"product","link":"https:\/\/27waterfalls.com.do\/tt\/tours\/parque-nacional-los-haitises-excursion-de-kayak-y-senderismo\/","title":{"rendered":"Parque Nacional Los Haitises excursi\u00f3n de Kayak y Senderismo"},"content":{"rendered":"<div class=\"vc_row wpb_row vc_row-fluid\" ><div class=\"wpb_column vc_column_container vc_col-sm-12\"><div class=\"vc_column-inner\"><div class=\"wpb_wrapper\">\n\t<div class=\"wpb_text_column wpb_content_element\" >\n\t\t<div class=\"wpb_wrapper\">\n\t\t\t<h3>Descripci\u00f3n<\/h3>\n<p>Esta ruta de senderismo + kayak comienza desde el puerto de Ca\u00f1o Hondo \/ Sabana de La Mar. Caminaremos alrededor de 3 horas a lo largo del Bosque H\u00famedo en el Parque Nacional Los Haitises. Aprender\u00e1 sobre las plantas medicinales de esta \u00e1rea, ver\u00e1 el bosque de hoja ancha primario y secundario en las monta\u00f1as del Parque Nacional Los Haitises y al mismo tiempo llegar\u00e1 a la fuente del r\u00edo Jivales de donde salen las aguas de las piscinas naturales del Eco-lodge Ca\u00f1o Hondo. Luego tomamos el equipo necesario para su seguridad (chalecos salvavidas, etc.), kayaks y atravesamos los manglares. Ver\u00e1 algunos manglares llenos de p\u00e1jaros, colinas ondulantes de vegetaci\u00f3n exuberante. A trav\u00e9s de los manglares y la tierra en la bah\u00eda abierta de San Lorenzo, desde donde puedes fotografiar el maravilloso paisaje forestal.<\/p>\n<p>Despu\u00e9s de esta experiencia, volver\u00e1s a Cano Hondo o Sabana de la mar.<\/p>\n<ul>\n<li>Tasas inclu\u00eddas<\/li>\n<li>Excursi\u00f3n de senderismo al parque nacional Los Haitises<\/li>\n<li>El gu\u00eda proporciona instrucci\u00f3n y supervisi\u00f3n.<\/li>\n<\/ul>\n<h3>Inclusiones y exclusiones<\/h3>\n<h4>Inclusiones<\/h4>\n<ol>\n<li>Parque Nacional Los Haitises<\/li>\n<li>Caminata + Kayak<\/li>\n<li>Todos los impuestos, tasas y gastos de manipulaci\u00f3n.<\/li>\n<li>Impuestos locales<\/li>\n<li>Bebidas<\/li>\n<li>Todas las actividades<\/li>\n<li>Gu\u00eda local<\/li>\n<\/ol>\n<h4>Exclusiones<\/h4>\n<ol>\n<li>Propinas<\/li>\n<li>Transporte<\/li>\n<li>Almuerzo<\/li>\n<li>Bebidas alcoh\u00f3licas<\/li>\n<\/ol>\n<h3><em>Salida y regreso<\/em><\/h3>\n<p>El viajero obtendr\u00e1 un punto de encuentro despu\u00e9s del proceso de reserva. Los tours comienzan y finalizan en nuestros puntos de encuentro.<\/p>\n<h2>Caminata + Kayak Parque Nacional Los Haitises<\/h2>\n<h3><em>\u00bfQu\u00e9 esperar?<\/em><\/h3>\n<p>El nombre del parque nacional proviene de sus habitantes originales, los indios ta\u00ednos. En su idioma, &#8220;Haitises&#8221; se traduce en tierras altas o colinas, una referencia a las empinadas formaciones geol\u00f3gicas de la costa con calizas. La actividad en Kayak es de 2 horas.<\/p>\n<p>Aprender sobre la historia y la naturaleza con gu\u00edas tur\u00edsticos locales que crecen como protectores y voluntarios ambientales dentro de esta \u00e1rea del proyecto. El recorrido, organizado por &#8220;Booking Adventures&#8221; comienza en el punto de encuentro establecido con el gu\u00eda tur\u00edstico.<\/p>\n<p>Despu\u00e9s de una caminata inicial a trav\u00e9s de campos y tierras de cultivo, comenzar\u00e1 a caminar por el bosque de coco y Cacao. Estar cada minuto dentro del \u00e1rea de bosque primario y \u00fanico dentro del Parque Nacional Los Haitises. Venga con Booking Adventures y comience a ver algunas especies end\u00e9micas de aves, mam\u00edferos y plantas, colinas ondulantes de exuberante vegetaci\u00f3n y cuevas del Parque Nacional Los Haitises.<\/p>\n<p>El nombre del parque nacional proviene de sus habitantes originales, los indios ta\u00ednos. En su idioma, &#8220;Haitises&#8221; se traduce en tierras altas o colinas, una referencia a las empinadas formaciones geol\u00f3gicas de la costa con calizas. Avent\u00farate en el parque para explorar cuevas como la Cueva de la Arena y la Cueva de la L\u00ednea. Puede combinar el recorrido en barco con el viaje de senderismo. Solo cont\u00e1ctenos.<\/p>\n<p>Las cuevas en la reserva fueron utilizadas como refugio por los indios ta\u00ednos y, m\u00e1s tarde, por los piratas escondidos. Busque dibujos de indios que decoran algunas de las paredes. En la selva tropical, hay m\u00e1s de 700 especies de plantas, tratamos de ense\u00f1ar a los visitantes sobre todas las plantas medicinales que conocemos en esta ruta de senderismo.<\/p>\n<p>Venga a aprender, caminar y disfrutar de la verdadera naturaleza del Parque Nacional Los Haitises.<\/p>\n<h3><em>\u00bfQu\u00e9 deber\u00edas traer?<\/em><\/h3>\n<ul>\n<li>C\u00e1mara<\/li>\n<li>Repelentes<\/li>\n<li>Crema solar<\/li>\n<li>Sombrero<\/li>\n<li>Pantalones c\u00f3modos<\/li>\n<li>Calzado de senderismo para bosque<\/li>\n<li>Sandalias a las zonas de primavera.<\/li>\n<li>Traje de ba\u00f1o<\/li>\n<\/ul>\n<h3><em>Recogida en el hotel<\/em><\/h3>\n<p>No se ofrece la recogida en el hotel para este tour. Solo si se encuentra en el Hotel Cano Hondo u Hoteles en el \u00e1rea de Sabana de la Mar.<\/p>\n<p><strong>Nota<\/strong>: Si realiza la reserva dentro de las 24 horas del horario de salida del tour \/ excursi\u00f3n, podemos organizar la recogida en el hotel con cargos adicionales desde cualquier lugar de la Rep\u00fablica Dominicana. Una vez que se complete su compra, le enviaremos informaci\u00f3n de contacto completa (n\u00famero de tel\u00e9fono, direcci\u00f3n de correo electr\u00f3nico, etc.) para que nuestro gu\u00eda tur\u00edstico local organice los arreglos de recogida.<\/p>\n<h3><em>Confirmaci\u00f3n de informaci\u00f3n adicional<\/em><\/h3>\n<ol>\n<li>Los boletos son el Recibo despu\u00e9s de pagar este Tour. Puede mostrar el pago en su tel\u00e9fono.<\/li>\n<li>El punto de encuentro se recibir\u00e1 despu\u00e9s del proceso de reserva.<\/li>\n<li>Los ni\u00f1os deben estar acompa\u00f1ados por un adulto.<\/li>\n<li>No accesible para sillas de ruedas<\/li>\n<li>Los infantes deben sentarse en asientos para beb\u00e9s o con sus padres<\/li>\n<li>No recomendado para viajeros con problemas de espalda.<\/li>\n<li>No recomendado para mujeres embarazadas.<\/li>\n<li>Sin problemas card\u00edacos u otras afecciones m\u00e9dicas graves.<\/li>\n<li>La mayor\u00eda de los viajeros pueden participar.<\/li>\n<\/ol>\n<h3><em>Pol\u00edtica de cancelaci\u00f3n<\/em><\/h3>\n<p>Para obtener un reembolso completo, cancele al menos 24 horas antes de la fecha de inicio de la experiencia. Los fondos se perder\u00e1n si la reserva se cancela el mismo d\u00eda del viaje.<\/p>\n<h2>Senderismo en la selva tropical y kayak<br \/>\nCaminata + Kayak Parque Nacional Los Haitises<\/h2>\n<p>Esta experiencia necesita un m\u00ednimo de 2 participantes. Si no tienes 2 a\u00f1os, \u00a1no dudes en contactarnos!<\/p>\n<h3>\u00bfCont\u00e1ctenos?<\/h3>\n<p><em>Booking Adventures<\/em><br \/>\nGu\u00edas tur\u00edsticos locales y nacionales y servicios para hu\u00e9spedes<\/p>\n<p>Reservas: Tours y Excursiones en Dom. Reps.<\/p>\n<p>\ud83d\udcde Tel \/ Whatsapp + 1-809-720-6035.<\/p>\n<p>\ud83d\udce9 info@bookingadventures.com.do<\/p>\n<p>Somos tours privados de configuraci\u00f3n flexible por Whatsapp: +18097206035.<\/p>\n\n\t\t<\/div>\n\t<\/div>\n<\/div><\/div><\/div><\/div>","protected":false},"excerpt":{"rendered":"<p>Senderismo 3 horas y kayak en los manglares en el Parque Nacional Los Haitises con un gu\u00eda local de Sabana de la mar. Visitando las \u00e1reas de selva tropical, cocos, caf\u00e9 y cacao. Aprender sobre la historia original del Parque Nacional Los Haitises.<\/p>\n<p><strong>Seleccione la fecha para el viaje de senderismo:<\/strong><\/p>","protected":false},"featured_media":515,"template":"","meta":[],"product_brand":[],"product_cat":[356,96,443,123,124],"product_tag":[341,206,129,130,412,413,221,414,415,152,153,198,133,416,215,217,417,223,114,418,148,143,419],"class_list":{"0":"post-548","1":"product","2":"type-product","3":"status-publish","4":"has-post-thumbnail","6":"product_cat-day-trips","7":"product_cat-hiking","8":"product_cat-tours-y-excursiones-es","9":"product_cat-tours-excursions-los-haitises-national-park","10":"product_cat-tours-excursions-samana-bay-dominican-republic","11":"product_tag-cano-hondo-sabana-de-la-mar","12":"product_tag-caves-los-haitises","13":"product_tag-eco-tours","14":"product_tag-excursion","15":"product_tag-hike-kayak","16":"product_tag-hike-kayak-los-haitises-national-park","17":"product_tag-hiking-los-haitises","18":"product_tag-hiking-sabana-de-la-mar","19":"product_tag-hiking-samana","20":"product_tag-kayak-tour","21":"product_tag-kayaking","22":"product_tag-kayaking-los-haitises","23":"product_tag-los-haitises-national-park","24":"product_tag-los-haitises-national-park-entrance-fee","25":"product_tag-los-haitises-national-park-tour-from-las-terrenas","26":"product_tag-los-haitises-national-park-tour-from-santo-domingo","27":"product_tag-los-haitises-national-park-weather","28":"product_tag-los-haitises-sabana-de-la-mar","29":"product_tag-sabana-de-la-mar","30":"product_tag-sabana-de-la-mar-tour","31":"product_tag-samana-excursions","32":"product_tag-samana-tours","33":"product_tag-secrets-of-los-haitises","35":"first","36":"instock","37":"sale","38":"sold-individually","39":"shipping-taxable","40":"product-type-external"},"_links":{"self":[{"href":"https:\/\/27waterfalls.com.do\/tt\/wp-json\/wp\/v2\/product\/548","targetHints":{"allow":["GET"]}}],"collection":[{"href":"https:\/\/27waterfalls.com.do\/tt\/wp-json\/wp\/v2\/product"}],"about":[{"href":"https:\/\/27waterfalls.com.do\/tt\/wp-json\/wp\/v2\/types\/product"}],"wp:featuredmedia":[{"embeddable":true,"href":"https:\/\/27waterfalls.com.do\/tt\/wp-json\/wp\/v2\/media\/515"}],"wp:attachment":[{"href":"https:\/\/27waterfalls.com.do\/tt\/wp-json\/wp\/v2\/media?parent=548"}],"wp:term":[{"taxonomy":"product_brand","embeddable":true,"href":"https:\/\/27waterfalls.com.do\/tt\/wp-json\/wp\/v2\/product_brand?post=548"},{"taxonomy":"product_cat","embeddable":true,"href":"https:\/\/27waterfalls.com.do\/tt\/wp-json\/wp\/v2\/product_cat?post=548"},{"taxonomy":"product_tag","embeddable":true,"href":"https:\/\/27waterfalls.com.do\/tt\/wp-json\/wp\/v2\/product_tag?post=548"}],"curies":[{"name":"wp","href":"https:\/\/api.w.org\/{rel}","templated":true}]}}